{"id":1409,"date":"2023-05-24T23:31:26","date_gmt":"2023-05-24T23:31:26","guid":{"rendered":"https:\/\/growken.com.ar\/?post_type=product&#038;p=1409"},"modified":"2023-12-12T01:31:28","modified_gmt":"2023-12-12T01:31:28","slug":"maquina-seleccionadora-y-vacunadora-de-aves-modelo-eva-2","status":"publish","type":"product","link":"https:\/\/growken.com.ar\/index.php\/producto\/maquina-seleccionadora-y-vacunadora-de-aves-modelo-eva-2\/","title":{"rendered":"M\u00e1quina seleccionadora y vacunadora de aves modelo Eva"},"content":{"rendered":"<div dir=\"ltr\">Selecciona por peso de cortes para clasificaci\u00f3n de las aves hasta en 6 categor\u00edas, vacuna por spray y permite realizar la vacunaci\u00f3n inyectable en el mismo procedimiento que la selecci\u00f3n. Esto permite adem\u00e1s de la mayor precisi\u00f3n en la clasificaci\u00f3n, obtener datos del software de todos los registros que la misma toma, realizar la operatoria con\u00a0 7 personas a una velocidad de 3000 aves x hora, o menos aves\/ hora con menos personal, lo que adem\u00e1s de permitir realizar dos maniobras en una, reduce los tiempos de operaci\u00f3n significativamente.<\/div>\n<div dir=\"ltr\">\n<div>Esta m\u00e1quina es apta para trabajar con aves desde la 4\u00b0 semana de vida.<\/div>\n<\/div>\n<div>Video explicativo:<br \/>\n<a href=\"https:\/\/www.youtube.com\/watch?v=H0sSoTtKduw&amp;ab_channel=TECH4\">https:\/\/www.youtube.com\/watch?v=H0sSoTtKduw&amp;ab_channel=TECH4<\/a><\/div>\n","protected":false},"excerpt":{"rendered":"<p>Selecciona por peso de cortes para clasificaci\u00f3n de las aves hasta en 6 categor\u00edas, vacuna por spray y permite realizar la vacunaci\u00f3n inyectable en el mismo procedimiento que la selecci\u00f3n. Esto permite adem\u00e1s de la mayor precisi\u00f3n en la clasificaci\u00f3n, obtener datos del software de todos los registros que la misma toma, realizar la operatoria&#8230;<\/p>\n","protected":false},"featured_media":1713,"template":"","meta":{"_kad_post_transparent":"default","_kad_post_title":"","_kad_post_layout":"default","_kad_post_sidebar_id":"","_kad_post_content_style":"default","_kad_post_vertical_padding":"default","_kad_post_feature":"","_kad_post_feature_position":"","_kad_post_header":false,"_kad_post_footer":false,"_joinchat":[]},"product_cat":[43],"product_tag":[],"yoast_head":"<!-- This site is optimized with the Yoast SEO plugin v20.8 - https:\/\/yoast.com\/wordpress\/plugins\/seo\/ -->\n<title>M\u00e1quina seleccionadora y vacunadora de aves modelo Eva | Growken<\/title>\n<meta name=\"robots\" content=\"index, follow, max-snippet:-1, max-image-preview:large, max-video-preview:-1\" \/>\n<link rel=\"canonical\" href=\"https:\/\/growken.com.ar\/index.php\/producto\/maquina-seleccionadora-y-vacunadora-de-aves-modelo-eva-2\/\" \/>\n<meta property=\"og:locale\" content=\"es_ES\" \/>\n<meta property=\"og:type\" content=\"article\" \/>\n<meta property=\"og:title\" content=\"M\u00e1quina seleccionadora y vacunadora de aves modelo Eva | Growken\" \/>\n<meta property=\"og:description\" content=\"Selecciona por peso de cortes para clasificaci\u00f3n de las aves hasta en 6 categor\u00edas, vacuna por spray y permite realizar la vacunaci\u00f3n inyectable en el mismo procedimiento que la selecci\u00f3n. Esto permite adem\u00e1s de la mayor precisi\u00f3n en la clasificaci\u00f3n, obtener datos del software de todos los registros que la misma toma, realizar la operatoria...\" \/>\n<meta property=\"og:url\" content=\"https:\/\/growken.com.ar\/index.php\/producto\/maquina-seleccionadora-y-vacunadora-de-aves-modelo-eva-2\/\" \/>\n<meta property=\"og:site_name\" content=\"Growken\" \/>\n<meta property=\"article:publisher\" content=\"https:\/\/www.instagram.com\/growken_ar\/\" \/>\n<meta property=\"article:modified_time\" content=\"2023-12-12T01:31:28+00:00\" \/>\n<meta property=\"og:image\" content=\"http:\/\/growken.com.ar\/wp-content\/uploads\/2023\/05\/eva-scaled.jpg\" \/>\n\t<meta property=\"og:image:width\" content=\"2560\" \/>\n\t<meta property=\"og:image:height\" content=\"1444\" \/>\n\t<meta property=\"og:image:type\" content=\"image\/jpeg\" \/>\n<meta name=\"twitter:card\" content=\"summary_large_image\" \/>\n<meta name=\"twitter:label1\" content=\"Tiempo de lectura\" \/>\n\t<meta name=\"twitter:data1\" content=\"1 minuto\" \/>\n<script type=\"application\/ld+json\" class=\"yoast-schema-graph\">{\"@context\":\"https:\/\/schema.org\",\"@graph\":[{\"@type\":\"WebPage\",\"@id\":\"https:\/\/growken.com.ar\/index.php\/producto\/maquina-seleccionadora-y-vacunadora-de-aves-modelo-eva-2\/\",\"url\":\"https:\/\/growken.com.ar\/index.php\/producto\/maquina-seleccionadora-y-vacunadora-de-aves-modelo-eva-2\/\",\"name\":\"M\u00e1quina seleccionadora y vacunadora de aves modelo Eva | Growken\",\"isPartOf\":{\"@id\":\"https:\/\/growken.com.ar\/#website\"},\"datePublished\":\"2023-05-24T23:31:26+00:00\",\"dateModified\":\"2023-12-12T01:31:28+00:00\",\"breadcrumb\":{\"@id\":\"https:\/\/growken.com.ar\/index.php\/producto\/maquina-seleccionadora-y-vacunadora-de-aves-modelo-eva-2\/#breadcrumb\"},\"inLanguage\":\"es\",\"potentialAction\":[{\"@type\":\"ReadAction\",\"target\":[\"https:\/\/growken.com.ar\/index.php\/producto\/maquina-seleccionadora-y-vacunadora-de-aves-modelo-eva-2\/\"]}]},{\"@type\":\"BreadcrumbList\",\"@id\":\"https:\/\/growken.com.ar\/index.php\/producto\/maquina-seleccionadora-y-vacunadora-de-aves-modelo-eva-2\/#breadcrumb\",\"itemListElement\":[{\"@type\":\"ListItem\",\"position\":1,\"name\":\"Portada\",\"item\":\"https:\/\/growken.com.ar\/\"},{\"@type\":\"ListItem\",\"position\":2,\"name\":\"Productos\",\"item\":\"https:\/\/growken.com.ar\/index.php\/productos\/\"},{\"@type\":\"ListItem\",\"position\":3,\"name\":\"M\u00e1quina seleccionadora y vacunadora de aves modelo Eva\"}]},{\"@type\":\"WebSite\",\"@id\":\"https:\/\/growken.com.ar\/#website\",\"url\":\"https:\/\/growken.com.ar\/\",\"name\":\"Growken\",\"description\":\"Growken | Tecnolog\u00eda e Innovaci\u00f3n\",\"publisher\":{\"@id\":\"https:\/\/growken.com.ar\/#organization\"},\"alternateName\":\"Growken | Tecnolog\u00eda e Innovaci\u00f3n\",\"potentialAction\":[{\"@type\":\"SearchAction\",\"target\":{\"@type\":\"EntryPoint\",\"urlTemplate\":\"https:\/\/growken.com.ar\/?s={search_term_string}\"},\"query-input\":\"required name=search_term_string\"}],\"inLanguage\":\"es\"},{\"@type\":\"Organization\",\"@id\":\"https:\/\/growken.com.ar\/#organization\",\"name\":\"Growken\",\"alternateName\":\"Growken\",\"url\":\"https:\/\/growken.com.ar\/\",\"logo\":{\"@type\":\"ImageObject\",\"inLanguage\":\"es\",\"@id\":\"https:\/\/growken.com.ar\/#\/schema\/logo\/image\/\",\"url\":\"http:\/\/growken.com.ar\/wp-content\/uploads\/2023\/05\/logo.png\",\"contentUrl\":\"http:\/\/growken.com.ar\/wp-content\/uploads\/2023\/05\/logo.png\",\"width\":500,\"height\":500,\"caption\":\"Growken\"},\"image\":{\"@id\":\"https:\/\/growken.com.ar\/#\/schema\/logo\/image\/\"},\"sameAs\":[\"https:\/\/www.instagram.com\/growken_ar\/\"]}]}<\/script>\n<!-- \/ Yoast SEO plugin. -->","yoast_head_json":{"title":"M\u00e1quina seleccionadora y vacunadora de aves modelo Eva | Growken","robots":{"index":"index","follow":"follow","max-snippet":"max-snippet:-1","max-image-preview":"max-image-preview:large","max-video-preview":"max-video-preview:-1"},"canonical":"https:\/\/growken.com.ar\/index.php\/producto\/maquina-seleccionadora-y-vacunadora-de-aves-modelo-eva-2\/","og_locale":"es_ES","og_type":"article","og_title":"M\u00e1quina seleccionadora y vacunadora de aves modelo Eva | Growken","og_description":"Selecciona por peso de cortes para clasificaci\u00f3n de las aves hasta en 6 categor\u00edas, vacuna por spray y permite realizar la vacunaci\u00f3n inyectable en el mismo procedimiento que la selecci\u00f3n. Esto permite adem\u00e1s de la mayor precisi\u00f3n en la clasificaci\u00f3n, obtener datos del software de todos los registros que la misma toma, realizar la operatoria...","og_url":"https:\/\/growken.com.ar\/index.php\/producto\/maquina-seleccionadora-y-vacunadora-de-aves-modelo-eva-2\/","og_site_name":"Growken","article_publisher":"https:\/\/www.instagram.com\/growken_ar\/","article_modified_time":"2023-12-12T01:31:28+00:00","og_image":[{"width":2560,"height":1444,"url":"http:\/\/growken.com.ar\/wp-content\/uploads\/2023\/05\/eva-scaled.jpg","type":"image\/jpeg"}],"twitter_card":"summary_large_image","twitter_misc":{"Tiempo de lectura":"1 minuto"},"schema":{"@context":"https:\/\/schema.org","@graph":[{"@type":"WebPage","@id":"https:\/\/growken.com.ar\/index.php\/producto\/maquina-seleccionadora-y-vacunadora-de-aves-modelo-eva-2\/","url":"https:\/\/growken.com.ar\/index.php\/producto\/maquina-seleccionadora-y-vacunadora-de-aves-modelo-eva-2\/","name":"M\u00e1quina seleccionadora y vacunadora de aves modelo Eva | Growken","isPartOf":{"@id":"https:\/\/growken.com.ar\/#website"},"datePublished":"2023-05-24T23:31:26+00:00","dateModified":"2023-12-12T01:31:28+00:00","breadcrumb":{"@id":"https:\/\/growken.com.ar\/index.php\/producto\/maquina-seleccionadora-y-vacunadora-de-aves-modelo-eva-2\/#breadcrumb"},"inLanguage":"es","potentialAction":[{"@type":"ReadAction","target":["https:\/\/growken.com.ar\/index.php\/producto\/maquina-seleccionadora-y-vacunadora-de-aves-modelo-eva-2\/"]}]},{"@type":"BreadcrumbList","@id":"https:\/\/growken.com.ar\/index.php\/producto\/maquina-seleccionadora-y-vacunadora-de-aves-modelo-eva-2\/#breadcrumb","itemListElement":[{"@type":"ListItem","position":1,"name":"Portada","item":"https:\/\/growken.com.ar\/"},{"@type":"ListItem","position":2,"name":"Productos","item":"https:\/\/growken.com.ar\/index.php\/productos\/"},{"@type":"ListItem","position":3,"name":"M\u00e1quina seleccionadora y vacunadora de aves modelo Eva"}]},{"@type":"WebSite","@id":"https:\/\/growken.com.ar\/#website","url":"https:\/\/growken.com.ar\/","name":"Growken","description":"Growken | Tecnolog\u00eda e Innovaci\u00f3n","publisher":{"@id":"https:\/\/growken.com.ar\/#organization"},"alternateName":"Growken | Tecnolog\u00eda e Innovaci\u00f3n","potentialAction":[{"@type":"SearchAction","target":{"@type":"EntryPoint","urlTemplate":"https:\/\/growken.com.ar\/?s={search_term_string}"},"query-input":"required name=search_term_string"}],"inLanguage":"es"},{"@type":"Organization","@id":"https:\/\/growken.com.ar\/#organization","name":"Growken","alternateName":"Growken","url":"https:\/\/growken.com.ar\/","logo":{"@type":"ImageObject","inLanguage":"es","@id":"https:\/\/growken.com.ar\/#\/schema\/logo\/image\/","url":"http:\/\/growken.com.ar\/wp-content\/uploads\/2023\/05\/logo.png","contentUrl":"http:\/\/growken.com.ar\/wp-content\/uploads\/2023\/05\/logo.png","width":500,"height":500,"caption":"Growken"},"image":{"@id":"https:\/\/growken.com.ar\/#\/schema\/logo\/image\/"},"sameAs":["https:\/\/www.instagram.com\/growken_ar\/"]}]}},"_links":{"self":[{"href":"https:\/\/growken.com.ar\/index.php\/wp-json\/wp\/v2\/product\/1409"}],"collection":[{"href":"https:\/\/growken.com.ar\/index.php\/wp-json\/wp\/v2\/product"}],"about":[{"href":"https:\/\/growken.com.ar\/index.php\/wp-json\/wp\/v2\/types\/product"}],"wp:featuredmedia":[{"embeddable":true,"href":"https:\/\/growken.com.ar\/index.php\/wp-json\/wp\/v2\/media\/1713"}],"wp:attachment":[{"href":"https:\/\/growken.com.ar\/index.php\/wp-json\/wp\/v2\/media?parent=1409"}],"wp:term":[{"taxonomy":"product_cat","embeddable":true,"href":"https:\/\/growken.com.ar\/index.php\/wp-json\/wp\/v2\/product_cat?post=1409"},{"taxonomy":"product_tag","embeddable":true,"href":"https:\/\/growken.com.ar\/index.php\/wp-json\/wp\/v2\/product_tag?post=1409"}],"curies":[{"name":"wp","href":"https:\/\/api.w.org\/{rel}","templated":true}]}}