{"id":1051,"date":"2020-10-20T17:38:53","date_gmt":"2020-10-20T17:38:53","guid":{"rendered":"https:\/\/www.grafas.org\/demo01\/?page_id=1051"},"modified":"2023-06-10T21:46:44","modified_gmt":"2023-06-10T21:46:44","slug":"servicios","status":"publish","type":"page","link":"https:\/\/growken.com.ar\/index.php\/servicios\/","title":{"rendered":"Servicios"},"content":{"rendered":"\t\t<div data-elementor-type=\"wp-page\" data-elementor-id=\"1051\" class=\"elementor elementor-1051\">\n\t\t\t\t\t\t\t\t\t<section class=\"elementor-section elementor-top-section elementor-element elementor-element-8828dd8 elementor-section-height-min-height elementor-section-items-bottom elementor-section-boxed elementor-section-height-default\" data-id=\"8828dd8\" data-element_type=\"section\" data-settings=\"{&quot;background_background&quot;:&quot;classic&quot;}\">\n\t\t\t\t\t\t\t<div class=\"elementor-background-overlay\"><\/div>\n\t\t\t\t\t\t\t<div class=\"elementor-container elementor-column-gap-default\">\n\t\t\t\t\t<div class=\"elementor-column elementor-col-100 elementor-top-column elementor-element elementor-element-6d43801\" data-id=\"6d43801\" data-element_type=\"column\">\n\t\t\t<div class=\"elementor-widget-wrap elementor-element-populated\">\n\t\t\t\t\t\t\t\t<div class=\"elementor-element elementor-element-31c8d6d elementor-widget elementor-widget-heading\" data-id=\"31c8d6d\" data-element_type=\"widget\" data-widget_type=\"heading.default\">\n\t\t\t\t<div class=\"elementor-widget-container\">\n\t\t\t<style>\/*! elementor - v3.13.3 - 28-05-2023 *\/\n.elementor-heading-title{padding:0;margin:0;line-height:1}.elementor-widget-heading .elementor-heading-title[class*=elementor-size-]>a{color:inherit;font-size:inherit;line-height:inherit}.elementor-widget-heading .elementor-heading-title.elementor-size-small{font-size:15px}.elementor-widget-heading .elementor-heading-title.elementor-size-medium{font-size:19px}.elementor-widget-heading .elementor-heading-title.elementor-size-large{font-size:29px}.elementor-widget-heading .elementor-heading-title.elementor-size-xl{font-size:39px}.elementor-widget-heading .elementor-heading-title.elementor-size-xxl{font-size:59px}<\/style><h1 class=\"elementor-heading-title elementor-size-default\">Servicios<\/h1>\t\t<\/div>\n\t\t\t\t<\/div>\n\t\t\t\t\t<\/div>\n\t\t<\/div>\n\t\t\t\t\t\t\t<\/div>\n\t\t<\/section>\n\t\t\t\t<section class=\"elementor-section elementor-top-section elementor-element elementor-element-ba55473 elementor-section-boxed elementor-section-height-default elementor-section-height-default\" data-id=\"ba55473\" data-element_type=\"section\">\n\t\t\t\t\t\t<div class=\"elementor-container elementor-column-gap-wider\">\n\t\t\t\t\t<div class=\"elementor-column elementor-col-33 elementor-top-column elementor-element elementor-element-0a0f7ed elementor-invisible\" data-id=\"0a0f7ed\" data-element_type=\"column\" data-settings=\"{&quot;background_background&quot;:&quot;classic&quot;,&quot;animation&quot;:&quot;fadeInLeft&quot;}\">\n\t\t\t<div class=\"elementor-widget-wrap elementor-element-populated\">\n\t\t\t\t\t\t\t\t<div class=\"elementor-element elementor-element-b1bc027 elementor-position-top elementor-vertical-align-top elementor-widget elementor-widget-image-box\" data-id=\"b1bc027\" data-element_type=\"widget\" data-widget_type=\"image-box.default\">\n\t\t\t\t<div class=\"elementor-widget-container\">\n\t\t\t<style>\/*! elementor - v3.13.3 - 28-05-2023 *\/\n.elementor-widget-image-box .elementor-image-box-content{width:100%}@media (min-width:768px){.elementor-widget-image-box.elementor-position-left .elementor-image-box-wrapper,.elementor-widget-image-box.elementor-position-right .elementor-image-box-wrapper{display:flex}.elementor-widget-image-box.elementor-position-right .elementor-image-box-wrapper{text-align:right;flex-direction:row-reverse}.elementor-widget-image-box.elementor-position-left .elementor-image-box-wrapper{text-align:left;flex-direction:row}.elementor-widget-image-box.elementor-position-top .elementor-image-box-img{margin:auto}.elementor-widget-image-box.elementor-vertical-align-top .elementor-image-box-wrapper{align-items:flex-start}.elementor-widget-image-box.elementor-vertical-align-middle .elementor-image-box-wrapper{align-items:center}.elementor-widget-image-box.elementor-vertical-align-bottom .elementor-image-box-wrapper{align-items:flex-end}}@media (max-width:767px){.elementor-widget-image-box .elementor-image-box-img{margin-left:auto!important;margin-right:auto!important;margin-bottom:15px}}.elementor-widget-image-box .elementor-image-box-img{display:inline-block}.elementor-widget-image-box .elementor-image-box-title a{color:inherit}.elementor-widget-image-box .elementor-image-box-wrapper{text-align:center}.elementor-widget-image-box .elementor-image-box-description{margin:0}<\/style><div class=\"elementor-image-box-wrapper\"><figure class=\"elementor-image-box-img\"><img decoding=\"async\" width=\"1183\" height=\"2560\" src=\"https:\/\/growken.com.ar\/wp-content\/uploads\/2023\/05\/IMG_20220906_181221-scaled.jpg\" class=\"attachment-full size-full wp-image-1492\" alt=\"\" loading=\"lazy\" \/><\/figure><div class=\"elementor-image-box-content\"><h4 class=\"elementor-image-box-title\">Acompa\u00f1amiento integral a productores av\u00edcolas<\/h4><p class=\"elementor-image-box-description\"><br><\/p><\/div><\/div>\t\t<\/div>\n\t\t\t\t<\/div>\n\t\t\t\t\t<\/div>\n\t\t<\/div>\n\t\t\t\t<div class=\"elementor-column elementor-col-33 elementor-top-column elementor-element elementor-element-dd99adf\" data-id=\"dd99adf\" data-element_type=\"column\">\n\t\t\t<div class=\"elementor-widget-wrap\">\n\t\t\t\t\t\t\t\t\t<\/div>\n\t\t<\/div>\n\t\t\t\t<div class=\"elementor-column elementor-col-33 elementor-top-column elementor-element elementor-element-f5c16a2 elementor-invisible\" data-id=\"f5c16a2\" data-element_type=\"column\" data-settings=\"{&quot;background_background&quot;:&quot;classic&quot;,&quot;animation&quot;:&quot;fadeInRight&quot;}\">\n\t\t\t<div class=\"elementor-widget-wrap elementor-element-populated\">\n\t\t\t\t\t\t\t\t<div class=\"elementor-element elementor-element-28eb84e elementor-position-top elementor-vertical-align-top elementor-widget elementor-widget-image-box\" data-id=\"28eb84e\" data-element_type=\"widget\" data-widget_type=\"image-box.default\">\n\t\t\t\t<div class=\"elementor-widget-container\">\n\t\t\t<div class=\"elementor-image-box-wrapper\"><figure class=\"elementor-image-box-img\"><img decoding=\"async\" width=\"1439\" height=\"2560\" src=\"https:\/\/growken.com.ar\/wp-content\/uploads\/2023\/05\/IMG_20210316_115332-scaled.jpg\" class=\"attachment-full size-full wp-image-1553\" alt=\"\" loading=\"lazy\" \/><\/figure><div class=\"elementor-image-box-content\"><h4 class=\"elementor-image-box-title\">Planificaci\u00f3n de procesos e  instalaciones.<\/h4><p class=\"elementor-image-box-description\"><br><\/p><\/div><\/div>\t\t<\/div>\n\t\t\t\t<\/div>\n\t\t\t\t\t<\/div>\n\t\t<\/div>\n\t\t\t\t\t\t\t<\/div>\n\t\t<\/section>\n\t\t\t\t<section class=\"elementor-section elementor-top-section elementor-element elementor-element-ca11b8a elementor-section-boxed elementor-section-height-default elementor-section-height-default\" data-id=\"ca11b8a\" data-element_type=\"section\">\n\t\t\t\t\t\t\t<div class=\"elementor-background-overlay\"><\/div>\n\t\t\t\t\t\t\t<div class=\"elementor-container elementor-column-gap-default\">\n\t\t\t\t\t<div class=\"elementor-column elementor-col-33 elementor-top-column elementor-element elementor-element-e9716c4 elementor-hidden-phone\" data-id=\"e9716c4\" data-element_type=\"column\">\n\t\t\t<div class=\"elementor-widget-wrap\">\n\t\t\t\t\t\t\t\t\t<\/div>\n\t\t<\/div>\n\t\t\t\t<div class=\"elementor-column elementor-col-33 elementor-top-column elementor-element elementor-element-078e142 elementor-invisible\" data-id=\"078e142\" data-element_type=\"column\" data-settings=\"{&quot;animation&quot;:&quot;fadeInUp&quot;}\">\n\t\t\t<div class=\"elementor-widget-wrap elementor-element-populated\">\n\t\t\t\t\t\t\t\t<div class=\"elementor-element elementor-element-0d004c9 elementor-widget elementor-widget-heading\" data-id=\"0d004c9\" data-element_type=\"widget\" data-widget_type=\"heading.default\">\n\t\t\t\t<div class=\"elementor-widget-container\">\n\t\t\t<h6 class=\"elementor-heading-title elementor-size-default\"><span style=\"white-space: normal;\">Growken | By Algoritmo<\/span><\/h6>\t\t<\/div>\n\t\t\t\t<\/div>\n\t\t\t\t<div class=\"elementor-element elementor-element-0606b8d elementor-widget elementor-widget-heading\" data-id=\"0606b8d\" data-element_type=\"widget\" data-widget_type=\"heading.default\">\n\t\t\t\t<div class=\"elementor-widget-container\">\n\t\t\t<h2 class=\"elementor-heading-title elementor-size-default\"><h2 class=\"elementor-heading-title elementor-size-default\" style=\"font-family: var(--global-heading-font-family); line-height: 1.2em; color: rgb(0, 0, 0); white-space: normal;\">Trabaja con nosotros<\/h2><\/h2>\t\t<\/div>\n\t\t\t\t<\/div>\n\t\t\t\t<div class=\"elementor-element elementor-element-5d7ed80 elementor-mobile-align-justify elementor-align-center elementor-widget elementor-widget-button\" data-id=\"5d7ed80\" data-element_type=\"widget\" data-widget_type=\"button.default\">\n\t\t\t\t<div class=\"elementor-widget-container\">\n\t\t\t\t\t<div class=\"elementor-button-wrapper\">\n\t\t\t<a href=\"\/index.php\/contacto\/\" class=\"elementor-button-link elementor-button elementor-size-sm\" role=\"button\">\n\t\t\t\t\t\t<span class=\"elementor-button-content-wrapper\">\n\t\t\t\t\t\t<span class=\"elementor-button-text\">Contactanos<\/span>\n\t\t<\/span>\n\t\t\t\t\t<\/a>\n\t\t<\/div>\n\t\t\t\t<\/div>\n\t\t\t\t<\/div>\n\t\t\t\t\t<\/div>\n\t\t<\/div>\n\t\t\t\t<div class=\"elementor-column elementor-col-33 elementor-top-column elementor-element elementor-element-1d4f779 elementor-hidden-tablet elementor-hidden-phone\" data-id=\"1d4f779\" data-element_type=\"column\">\n\t\t\t<div class=\"elementor-widget-wrap\">\n\t\t\t\t\t\t\t\t\t<\/div>\n\t\t<\/div>\n\t\t\t\t\t\t\t<\/div>\n\t\t<\/section>\n\t\t\t\t\t\t\t<\/div>\n\t\t","protected":false},"excerpt":{"rendered":"<p>Servicios Acompa\u00f1amiento integral a productores av\u00edcolas Planificaci\u00f3n de procesos e instalaciones. Growken | By Algoritmo Trabaja con nosotros Contactanos<\/p>\n","protected":false},"author":1,"featured_media":0,"parent":0,"menu_order":0,"comment_status":"closed","ping_status":"closed","template":"elementor_header_footer","meta":{"_kad_post_transparent":"","_kad_post_title":"hide","_kad_post_layout":"normal","_kad_post_sidebar_id":"","_kad_post_content_style":"unboxed","_kad_post_vertical_padding":"hide","_kad_post_feature":"hide","_kad_post_feature_position":"","_kad_post_header":false,"_kad_post_footer":false,"_joinchat":[]},"yoast_head":"<!-- This site is optimized with the Yoast SEO plugin v20.8 - https:\/\/yoast.com\/wordpress\/plugins\/seo\/ -->\n<title>Servicios | Growken<\/title>\n<meta name=\"robots\" content=\"index, follow, max-snippet:-1, max-image-preview:large, max-video-preview:-1\" \/>\n<link rel=\"canonical\" href=\"https:\/\/growken.com.ar\/index.php\/servicios\/\" \/>\n<meta property=\"og:locale\" content=\"es_ES\" \/>\n<meta property=\"og:type\" content=\"article\" \/>\n<meta property=\"og:title\" content=\"Servicios | Growken\" \/>\n<meta property=\"og:description\" content=\"Servicios Acompa\u00f1amiento integral a productores av\u00edcolas Planificaci\u00f3n de procesos e instalaciones. Growken | By Algoritmo Trabaja con nosotros Contactanos\" \/>\n<meta property=\"og:url\" content=\"https:\/\/growken.com.ar\/index.php\/servicios\/\" \/>\n<meta property=\"og:site_name\" content=\"Growken\" \/>\n<meta property=\"article:publisher\" content=\"https:\/\/www.instagram.com\/growken_ar\/\" \/>\n<meta property=\"article:modified_time\" content=\"2023-06-10T21:46:44+00:00\" \/>\n<meta property=\"og:image\" content=\"http:\/\/growken.com.ar\/wp-content\/uploads\/2023\/05\/IMG_20220906_181221-scaled.jpg\" \/>\n<meta name=\"twitter:card\" content=\"summary_large_image\" \/>\n<meta name=\"twitter:label1\" content=\"Tiempo de lectura\" \/>\n\t<meta name=\"twitter:data1\" content=\"1 minuto\" \/>\n<script type=\"application\/ld+json\" class=\"yoast-schema-graph\">{\"@context\":\"https:\/\/schema.org\",\"@graph\":[{\"@type\":\"WebPage\",\"@id\":\"https:\/\/growken.com.ar\/index.php\/servicios\/\",\"url\":\"https:\/\/growken.com.ar\/index.php\/servicios\/\",\"name\":\"Servicios | Growken\",\"isPartOf\":{\"@id\":\"https:\/\/growken.com.ar\/#website\"},\"datePublished\":\"2020-10-20T17:38:53+00:00\",\"dateModified\":\"2023-06-10T21:46:44+00:00\",\"breadcrumb\":{\"@id\":\"https:\/\/growken.com.ar\/index.php\/servicios\/#breadcrumb\"},\"inLanguage\":\"es\",\"potentialAction\":[{\"@type\":\"ReadAction\",\"target\":[\"https:\/\/growken.com.ar\/index.php\/servicios\/\"]}]},{\"@type\":\"BreadcrumbList\",\"@id\":\"https:\/\/growken.com.ar\/index.php\/servicios\/#breadcrumb\",\"itemListElement\":[{\"@type\":\"ListItem\",\"position\":1,\"name\":\"Portada\",\"item\":\"https:\/\/growken.com.ar\/\"},{\"@type\":\"ListItem\",\"position\":2,\"name\":\"Servicios\"}]},{\"@type\":\"WebSite\",\"@id\":\"https:\/\/growken.com.ar\/#website\",\"url\":\"https:\/\/growken.com.ar\/\",\"name\":\"Growken\",\"description\":\"Growken | Tecnolog\u00eda e Innovaci\u00f3n\",\"publisher\":{\"@id\":\"https:\/\/growken.com.ar\/#organization\"},\"alternateName\":\"Growken | Tecnolog\u00eda e Innovaci\u00f3n\",\"potentialAction\":[{\"@type\":\"SearchAction\",\"target\":{\"@type\":\"EntryPoint\",\"urlTemplate\":\"https:\/\/growken.com.ar\/?s={search_term_string}\"},\"query-input\":\"required name=search_term_string\"}],\"inLanguage\":\"es\"},{\"@type\":\"Organization\",\"@id\":\"https:\/\/growken.com.ar\/#organization\",\"name\":\"Growken\",\"alternateName\":\"Growken\",\"url\":\"https:\/\/growken.com.ar\/\",\"logo\":{\"@type\":\"ImageObject\",\"inLanguage\":\"es\",\"@id\":\"https:\/\/growken.com.ar\/#\/schema\/logo\/image\/\",\"url\":\"http:\/\/growken.com.ar\/wp-content\/uploads\/2023\/05\/logo.png\",\"contentUrl\":\"http:\/\/growken.com.ar\/wp-content\/uploads\/2023\/05\/logo.png\",\"width\":500,\"height\":500,\"caption\":\"Growken\"},\"image\":{\"@id\":\"https:\/\/growken.com.ar\/#\/schema\/logo\/image\/\"},\"sameAs\":[\"https:\/\/www.instagram.com\/growken_ar\/\"]}]}<\/script>\n<!-- \/ Yoast SEO plugin. -->","yoast_head_json":{"title":"Servicios | Growken","robots":{"index":"index","follow":"follow","max-snippet":"max-snippet:-1","max-image-preview":"max-image-preview:large","max-video-preview":"max-video-preview:-1"},"canonical":"https:\/\/growken.com.ar\/index.php\/servicios\/","og_locale":"es_ES","og_type":"article","og_title":"Servicios | Growken","og_description":"Servicios Acompa\u00f1amiento integral a productores av\u00edcolas Planificaci\u00f3n de procesos e instalaciones. Growken | By Algoritmo Trabaja con nosotros Contactanos","og_url":"https:\/\/growken.com.ar\/index.php\/servicios\/","og_site_name":"Growken","article_publisher":"https:\/\/www.instagram.com\/growken_ar\/","article_modified_time":"2023-06-10T21:46:44+00:00","og_image":[{"url":"http:\/\/growken.com.ar\/wp-content\/uploads\/2023\/05\/IMG_20220906_181221-scaled.jpg"}],"twitter_card":"summary_large_image","twitter_misc":{"Tiempo de lectura":"1 minuto"},"schema":{"@context":"https:\/\/schema.org","@graph":[{"@type":"WebPage","@id":"https:\/\/growken.com.ar\/index.php\/servicios\/","url":"https:\/\/growken.com.ar\/index.php\/servicios\/","name":"Servicios | Growken","isPartOf":{"@id":"https:\/\/growken.com.ar\/#website"},"datePublished":"2020-10-20T17:38:53+00:00","dateModified":"2023-06-10T21:46:44+00:00","breadcrumb":{"@id":"https:\/\/growken.com.ar\/index.php\/servicios\/#breadcrumb"},"inLanguage":"es","potentialAction":[{"@type":"ReadAction","target":["https:\/\/growken.com.ar\/index.php\/servicios\/"]}]},{"@type":"BreadcrumbList","@id":"https:\/\/growken.com.ar\/index.php\/servicios\/#breadcrumb","itemListElement":[{"@type":"ListItem","position":1,"name":"Portada","item":"https:\/\/growken.com.ar\/"},{"@type":"ListItem","position":2,"name":"Servicios"}]},{"@type":"WebSite","@id":"https:\/\/growken.com.ar\/#website","url":"https:\/\/growken.com.ar\/","name":"Growken","description":"Growken | Tecnolog\u00eda e Innovaci\u00f3n","publisher":{"@id":"https:\/\/growken.com.ar\/#organization"},"alternateName":"Growken | Tecnolog\u00eda e Innovaci\u00f3n","potentialAction":[{"@type":"SearchAction","target":{"@type":"EntryPoint","urlTemplate":"https:\/\/growken.com.ar\/?s={search_term_string}"},"query-input":"required name=search_term_string"}],"inLanguage":"es"},{"@type":"Organization","@id":"https:\/\/growken.com.ar\/#organization","name":"Growken","alternateName":"Growken","url":"https:\/\/growken.com.ar\/","logo":{"@type":"ImageObject","inLanguage":"es","@id":"https:\/\/growken.com.ar\/#\/schema\/logo\/image\/","url":"http:\/\/growken.com.ar\/wp-content\/uploads\/2023\/05\/logo.png","contentUrl":"http:\/\/growken.com.ar\/wp-content\/uploads\/2023\/05\/logo.png","width":500,"height":500,"caption":"Growken"},"image":{"@id":"https:\/\/growken.com.ar\/#\/schema\/logo\/image\/"},"sameAs":["https:\/\/www.instagram.com\/growken_ar\/"]}]}},"rttpg_featured_image_url":null,"rttpg_author":{"display_name":"admin","author_link":"https:\/\/growken.com.ar\/index.php\/author\/admin\/"},"rttpg_comment":0,"rttpg_category":null,"rttpg_excerpt":"Servicios Acompa\u00f1amiento integral a productores av\u00edcolas Planificaci\u00f3n de procesos e instalaciones. Growken | By Algoritmo Trabaja con nosotros Contactanos","_links":{"self":[{"href":"https:\/\/growken.com.ar\/index.php\/wp-json\/wp\/v2\/pages\/1051"}],"collection":[{"href":"https:\/\/growken.com.ar\/index.php\/wp-json\/wp\/v2\/pages"}],"about":[{"href":"https:\/\/growken.com.ar\/index.php\/wp-json\/wp\/v2\/types\/page"}],"author":[{"embeddable":true,"href":"https:\/\/growken.com.ar\/index.php\/wp-json\/wp\/v2\/users\/1"}],"replies":[{"embeddable":true,"href":"https:\/\/growken.com.ar\/index.php\/wp-json\/wp\/v2\/comments?post=1051"}],"version-history":[{"count":26,"href":"https:\/\/growken.com.ar\/index.php\/wp-json\/wp\/v2\/pages\/1051\/revisions"}],"predecessor-version":[{"id":1627,"href":"https:\/\/growken.com.ar\/index.php\/wp-json\/wp\/v2\/pages\/1051\/revisions\/1627"}],"wp:attachment":[{"href":"https:\/\/growken.com.ar\/index.php\/wp-json\/wp\/v2\/media?parent=1051"}],"curies":[{"name":"wp","href":"https:\/\/api.w.org\/{rel}","templated":true}]}}